{"id":1946,"date":"2025-06-16T08:29:40","date_gmt":"2025-06-16T07:29:40","guid":{"rendered":"https:\/\/lesterfaleiro.com\/?page_id=1946"},"modified":"2025-06-16T08:29:42","modified_gmt":"2025-06-16T07:29:42","slug":"imprint","status":"publish","type":"page","link":"https:\/\/lesterfaleiro.com\/en\/imprint\/","title":{"rendered":"Imprint"},"content":{"rendered":"<div data-elementor-type=\"wp-page\" data-elementor-id=\"1946\" class=\"elementor elementor-1946\" data-elementor-post-type=\"page\">\n\t\t\t\t\t\t<section class=\"elementor-section elementor-top-section elementor-element elementor-element-b0613b8 elementor-section-boxed elementor-section-height-default elementor-section-height-default\" data-id=\"b0613b8\" data-element_type=\"section\" data-e-type=\"section\" data-settings=\"{&quot;background_background&quot;:&quot;classic&quot;,&quot;xpro_backdrop_filter&quot;:&quot;yes&quot;}\">\n\t\t\t\t\t\t\t<div class=\"elementor-background-overlay\"><\/div>\n\t\t\t\t\t\t\t<div class=\"elementor-container elementor-column-gap-default\">\n\t\t\t\t\t<div class=\"elementor-column elementor-col-100 elementor-top-column elementor-element elementor-element-1beb5ba\" data-id=\"1beb5ba\" data-element_type=\"column\" data-e-type=\"column\">\n\t\t\t<div class=\"elementor-widget-wrap elementor-element-populated\">\n\t\t\t\t\t\t<div class=\"elementor-element elementor-element-e6e5c89 elementor-widget elementor-widget-heading\" data-id=\"e6e5c89\" data-element_type=\"widget\" data-e-type=\"widget\" data-widget_type=\"heading.default\">\n\t\t\t\t<div class=\"elementor-widget-container\">\n\t\t\t\t\t<h1 class=\"elementor-heading-title elementor-size-default\">Legal notice<\/h1>\t\t\t\t<\/div>\n\t\t\t\t<\/div>\n\t\t\t\t\t<\/div>\n\t\t<\/div>\n\t\t\t\t\t<\/div>\n\t\t<\/section>\n\t\t<div class=\"elementor-element elementor-element-194eb874 e-flex e-con-boxed e-con e-parent\" data-id=\"194eb874\" data-element_type=\"container\" data-e-type=\"container\">\n\t\t\t\t\t<div class=\"e-con-inner\">\n\t\t\t\t<div class=\"elementor-element elementor-element-665f1f6d elementor-widget elementor-widget-text-editor\" data-id=\"665f1f6d\" data-element_type=\"widget\" data-e-type=\"widget\" data-widget_type=\"text-editor.default\">\n\t\t\t\t<div class=\"elementor-widget-container\">\n\t\t\t\t\t\t\t\t\t<div class=\"style-350 style-local-48-c1 position-relative\" data-colibri-id=\"48-c1\"><div id=\"initial-content\" class=\"h-section h-section-global-spacing d-flex align-items-lg-center align-items-md-center align-items-center style-351 style-local-48-c9 position-relative\" data-colibri-component=\"section\" data-colibri-id=\"48-c9\"><div class=\"h-section-grid-container h-section-boxed-container\"><div class=\"h-row-container gutters-row-lg-1 gutters-row-md-1 gutters-row-0 gutters-row-v-lg-1 gutters-row-v-md-1 gutters-row-v-1 style-463 style-local-48-c10 position-relative\" data-colibri-id=\"48-c10\"><div class=\"h-row justify-content-lg-start justify-content-md-start justify-content-start align-items-lg-stretch align-items-md-stretch align-items-stretch gutters-col-lg-1 gutters-col-md-1 gutters-col-0 gutters-col-v-lg-1 gutters-col-v-md-1 gutters-col-v-1\"><div class=\"h-column h-column-container d-flex h-col-lg-auto h-col-md-auto h-col-auto style-464-outer style-local-48-c11-outer\"><div class=\"d-flex h-flex-basis h-column__inner h-px-lg-2 h-px-md-2 h-px-2 v-inner-lg-2 v-inner-md-2 v-inner-2 style-464 style-local-48-c11 position-relative\" data-colibri-id=\"48-c11\"><div class=\"w-100 h-y-container h-column__content h-column__v-align flex-basis-100 align-self-lg-start align-self-md-start align-self-start\"><h1 class=\"h-global-transition-all h-heading style-466 style-local-48-c12 position-relative h-element\" data-colibri-id=\"48-c12\"><strong style=\"font-family: 'Hind Vadodara', sans-serif; color: #000000; font-size: 16px;\">Dr. Lester Faleiro<\/strong><\/h1><\/div><\/div><\/div><\/div><\/div><div class=\"h-row-container gutters-row-lg-2 gutters-row-md-2 gutters-row-0 gutters-row-v-lg-2 gutters-row-v-md-2 gutters-row-v-2 style-498 style-local-48-c13 position-relative\" data-colibri-id=\"48-c13\"><div class=\"h-row justify-content-lg-start justify-content-md-start justify-content-start align-items-lg-stretch align-items-md-stretch align-items-stretch gutters-col-lg-2 gutters-col-md-2 gutters-col-0 gutters-col-v-lg-2 gutters-col-v-md-2 gutters-col-v-2\"><div class=\"h-column h-column-container d-flex h-col-lg-auto h-col-md-auto h-col-auto style-499-outer style-local-48-c14-outer\"><div class=\"d-flex h-flex-basis h-column__inner h-px-lg-2 h-px-md-2 h-px-2 v-inner-lg-2 v-inner-md-2 v-inner-2 style-499 style-local-48-c14 position-relative\" data-colibri-id=\"48-c14\"><div class=\"w-100 h-y-container h-column__content h-column__v-align flex-basis-100 align-self-lg-start align-self-md-start align-self-start\"><div class=\"h-text h-text-component style-500 style-local-48-c15 position-relative h-element\" data-colibri-id=\"48-c15\"><div class=\"\"><ul><li><span style=\"font-family: 'Hind Vadodara', sans-serif; color: #000000; font-size: 16px; font-weight: 400;\">Aspenhauweg 2A, <\/span><span style=\"font-family: 'Hind Vadodara', sans-serif; color: #000000; font-weight: 400; font-size: 16px;\">88690 Uhldingen-M\u00fchlhofen<\/span><\/li><li><span style=\"font-family: 'Hind Vadodara', sans-serif; color: #000000; font-weight: 400; font-size: 16px;\">Tel: +49 160 1812590<\/span><\/li><li><span style=\"font-family: 'Hind Vadodara', sans-serif; color: #000000; font-weight: 400; font-size: 16px;\">eMail: info@lesterfaleiro.com<\/span><\/li><li><span style=\"font-family: 'Hind Vadodara', sans-serif; color: #000000; font-weight: 400; font-size: 16px;\">Responsible for content: Dr. Lester Faleiro<\/span><\/li><\/ul><\/div><\/div><div class=\"h-global-transition-all h-heading style-507 style-local-48-c16 position-relative h-element\" data-colibri-id=\"48-c16\"><h4 class=\"h-heading__outer style-507 style-local-48-c16\"><strong>Liability for content<\/strong><\/h4><\/div><div class=\"h-text h-text-component style-511 style-local-48-c17 position-relative h-element\" data-colibri-id=\"48-c17\"><div class=\"\"><p><span style=\"font-family: 'Hind Vadodara', sans-serif; color: #000000; font-weight: 400; font-size: 16px;\">All content on our website was created with the greatest care and to the best of our knowledge. However, we cannot guarantee that the content is correct, complete or up-to-date. As a service provider, we are responsible for our own content on these pages in accordance with general laws in accordance with Section 7 Paragraph 1 TMG. However, according to Sections 8 to 10 TMG, as a service provider we are not obliged to monitor transmitted or stored third-party information or to investigate circumstances that indicate illegal activity. Obligations to remove or block the use of information in accordance with general law remain unaffected.<\/span><\/p><p><span style=\"font-family: 'Hind Vadodara', sans-serif; color: #000000; font-weight: 400; font-size: 16px;\">However, liability in this regard is only possible from the time we become aware of a specific legal violation. If we become aware of the above-mentioned legal violations, we will immediately remove this content.<\/span><\/p><\/div><\/div><div class=\"h-global-transition-all h-heading style-512 style-local-48-c18 position-relative h-element\" data-colibri-id=\"48-c18\"><div class=\"h-heading__outer style-512 style-local-48-c18\"><h4 class=\"\"><b>Limitation of liability for external links<\/b><\/h4><\/div><\/div><div class=\"h-text h-text-component style-513 style-local-48-c19 position-relative h-element\" data-colibri-id=\"48-c19\"><div class=\"\"><p><span style=\"font-family: 'Hind Vadodara', sans-serif; color: #000000; font-weight: 400; font-size: 16px;\">Our website contains links to external third-party websites. We have no influence on the content of these directly or indirectly linked websites. We therefore cannot assume any liability for the accuracy of the content of \u201cexternal links\u201d. The respective providers or operators (authors) of the pages are responsible for the content of the external links.<\/span><\/p><p><span style=\"font-family: 'Hind Vadodara', sans-serif; color: #000000; font-weight: 400; font-size: 16px;\">The external links were checked for possible legal violations at the time the link was created and were free of illegal content at the time the link was created. A constant check of the content of external links is not possible without concrete evidence of a legal violation. In the case of direct or indirect links to third-party websites that are outside our area of responsibility, liability would only exist if we became aware of the content and it would be technically possible and reasonable for us to prevent use in the event of illegal content .<\/span><\/p><p><span style=\"font-family: 'Hind Vadodara', sans-serif; color: #000000; font-weight: 400; font-size: 16px;\">Diese Haftungsausschlusserkl\u00e4rung gilt auch innerhalb des eigenen Internetauftrittes \u201elesterfaleiro.com\u201c gesetzten Links und Verweise von Fragestellern, Blogeintr\u00e4gern, G\u00e4sten des Diskussionsforums. F\u00fcr illegale, fehlerhafte oder unvollst\u00e4ndige Inhalte und insbesondere f\u00fcr Sch\u00e4den, die aus der Nutzung oder Nichtnutzung solcherart dargestellten Informationen entstehen, haftet allein der Diensteanbieter der Seite, auf welche verwiesen wurde, nicht derjenige, der \u00fcber Links auf die jeweilige Ver\u00f6ffentlichung lediglich verweist.<\/span><\/p><p><span style=\"font-family: 'Hind Vadodara', sans-serif; color: #000000; font-weight: 400; font-size: 16px;\">If we become aware of legal violations, we will immediately remove the external links.<\/span><\/p><\/div><\/div><div class=\"h-global-transition-all h-heading style-514 style-local-48-c20 position-relative h-element\" data-colibri-id=\"48-c20\"><div class=\"h-heading__outer style-514 style-local-48-c20\"><h4 class=\"\"><b>Copyright<\/b><\/h4><\/div><\/div><div class=\"h-text h-text-component style-515 style-local-48-c21 position-relative h-element\" data-colibri-id=\"48-c21\"><div class=\"\"><p><span style=\"font-family: 'Hind Vadodara', sans-serif; color: #000000; font-weight: 400; font-size: 16px;\">The content and works published on our website are subject to German copyright law (http:\/\/www.gesetze-im-internet.de\/bundesrecht\/urhg\/kritik.pdf). The reproduction, processing, distribution and any kind of exploitation of the intellectual property from an intellectual and material perspective of the author outside the limits of copyright law requires the prior written consent of the respective author in accordance with the Copyright Act (http:\/\/www.gesetze-im-internet.de\/federal law\/urhg\/total.pdf). Downloads and copies of this page are only permitted for private and non-commercial use. If the content on our website was not created by us, the copyrights of third parties must be observed. The content of third parties is identified as such. Should you nevertheless become aware of a copyright infringement, we ask that you notify us accordingly. If we become aware of any legal violations, we will immediately remove such content.<\/span><\/p><\/div><\/div><div class=\"h-global-transition-all h-heading style-516 style-local-48-c22 position-relative h-element\" data-colibri-id=\"48-c22\"><div class=\"h-heading__outer style-516 style-local-48-c22\"><h4 class=\"\"><b>Dispute resolution<\/b><\/h4><\/div><\/div><div class=\"h-text h-text-component style-517 style-local-48-c23 position-relative h-element\" data-colibri-id=\"48-c23\"><div class=\"\"><p><span style=\"font-family: 'Hind Vadodara', sans-serif; color: #000000; font-weight: 400; font-size: 16px;\">I am not willing or obliged to take part in dispute resolution proceedings before a consumer arbitration board.<\/span><\/p><p><em style=\"font-family: 'Hind Vadodara', sans-serif; color: #000000; font-weight: 400; font-size: 16px;\">This legal notice was kindly provided by jurarat.de.<\/em><\/p><\/div><\/div><\/div><\/div><\/div><\/div><\/div><\/div><\/div><\/div>\t\t\t\t\t\t\t\t<\/div>\n\t\t\t\t<\/div>\n\t\t\t\t\t<\/div>\n\t\t\t\t<\/div>\n\t\t\t\t<\/div>","protected":false},"excerpt":{"rendered":"","protected":false},"author":3,"featured_media":0,"parent":0,"menu_order":0,"comment_status":"closed","ping_status":"closed","template":"","meta":{"content-type":"","footnotes":""},"class_list":["post-1946","page","type-page","status-publish","hentry"],"yoast_head":"<!-- This site is optimized with the Yoast SEO plugin v27.5 - https:\/\/yoast.com\/product\/yoast-seo-wordpress\/ -->\n<title>Imprint - Dr. Lester Faleiro<\/title>\n<meta name=\"robots\" content=\"index, follow, max-snippet:-1, max-image-preview:large, max-video-preview:-1\" \/>\n<link rel=\"canonical\" href=\"https:\/\/lesterfaleiro.com\/en\/imprint\/\" \/>\n<meta property=\"og:locale\" content=\"en_GB\" \/>\n<meta property=\"og:type\" content=\"article\" \/>\n<meta property=\"og:title\" content=\"Imprint - Dr. Lester Faleiro\" \/>\n<meta property=\"og:url\" content=\"https:\/\/lesterfaleiro.com\/en\/imprint\/\" \/>\n<meta property=\"og:site_name\" content=\"Dr. Lester Faleiro\" \/>\n<meta property=\"article:modified_time\" content=\"2025-06-16T07:29:42+00:00\" \/>\n<meta name=\"twitter:card\" content=\"summary_large_image\" \/>\n<script type=\"application\/ld+json\" class=\"yoast-schema-graph\">{\"@context\":\"https:\\\/\\\/schema.org\",\"@graph\":[{\"@type\":\"WebPage\",\"@id\":\"https:\\\/\\\/lesterfaleiro.com\\\/en\\\/imprint\\\/\",\"url\":\"https:\\\/\\\/lesterfaleiro.com\\\/en\\\/imprint\\\/\",\"name\":\"Imprint - Dr. Lester Faleiro\",\"isPartOf\":{\"@id\":\"https:\\\/\\\/lesterfaleiro.com\\\/en\\\/#website\"},\"datePublished\":\"2025-06-16T07:29:40+00:00\",\"dateModified\":\"2025-06-16T07:29:42+00:00\",\"breadcrumb\":{\"@id\":\"https:\\\/\\\/lesterfaleiro.com\\\/en\\\/imprint\\\/#breadcrumb\"},\"inLanguage\":\"en-GB\",\"potentialAction\":[{\"@type\":\"ReadAction\",\"target\":[\"https:\\\/\\\/lesterfaleiro.com\\\/en\\\/imprint\\\/\"]}]},{\"@type\":\"BreadcrumbList\",\"@id\":\"https:\\\/\\\/lesterfaleiro.com\\\/en\\\/imprint\\\/#breadcrumb\",\"itemListElement\":[{\"@type\":\"ListItem\",\"position\":1,\"name\":\"Home\",\"item\":\"https:\\\/\\\/lesterfaleiro.com\\\/en\\\/home-english\\\/\"},{\"@type\":\"ListItem\",\"position\":2,\"name\":\"Imprint\"}]},{\"@type\":\"WebSite\",\"@id\":\"https:\\\/\\\/lesterfaleiro.com\\\/en\\\/#website\",\"url\":\"https:\\\/\\\/lesterfaleiro.com\\\/en\\\/\",\"name\":\"Dr. Lester Faleiro\",\"description\":\"F&uuml;hrung im Wandel\",\"publisher\":{\"@id\":\"https:\\\/\\\/lesterfaleiro.com\\\/en\\\/#organization\"},\"potentialAction\":[{\"@type\":\"SearchAction\",\"target\":{\"@type\":\"EntryPoint\",\"urlTemplate\":\"https:\\\/\\\/lesterfaleiro.com\\\/en\\\/?s={search_term_string}\"},\"query-input\":{\"@type\":\"PropertyValueSpecification\",\"valueRequired\":true,\"valueName\":\"search_term_string\"}}],\"inLanguage\":\"en-GB\"},{\"@type\":\"Organization\",\"@id\":\"https:\\\/\\\/lesterfaleiro.com\\\/en\\\/#organization\",\"name\":\"Dr. Lester Faleiro\",\"url\":\"https:\\\/\\\/lesterfaleiro.com\\\/en\\\/\",\"logo\":{\"@type\":\"ImageObject\",\"inLanguage\":\"en-GB\",\"@id\":\"https:\\\/\\\/lesterfaleiro.com\\\/en\\\/#\\\/schema\\\/logo\\\/image\\\/\",\"url\":\"https:\\\/\\\/lesterfaleiro.com\\\/wp-content\\\/uploads\\\/2025\\\/05\\\/Lester_Faleiro_Wort-Bildmarke_final.png\",\"contentUrl\":\"https:\\\/\\\/lesterfaleiro.com\\\/wp-content\\\/uploads\\\/2025\\\/05\\\/Lester_Faleiro_Wort-Bildmarke_final.png\",\"width\":1803,\"height\":1084,\"caption\":\"Dr. Lester Faleiro\"},\"image\":{\"@id\":\"https:\\\/\\\/lesterfaleiro.com\\\/en\\\/#\\\/schema\\\/logo\\\/image\\\/\"}}]}<\/script>\n<!-- \/ Yoast SEO plugin. -->","yoast_head_json":{"title":"Imprint - Dr. Lester Faleiro","robots":{"index":"index","follow":"follow","max-snippet":"max-snippet:-1","max-image-preview":"max-image-preview:large","max-video-preview":"max-video-preview:-1"},"canonical":"https:\/\/lesterfaleiro.com\/en\/imprint\/","og_locale":"en_GB","og_type":"article","og_title":"Imprint - Dr. Lester Faleiro","og_url":"https:\/\/lesterfaleiro.com\/en\/imprint\/","og_site_name":"Dr. Lester Faleiro","article_modified_time":"2025-06-16T07:29:42+00:00","twitter_card":"summary_large_image","schema":{"@context":"https:\/\/schema.org","@graph":[{"@type":"WebPage","@id":"https:\/\/lesterfaleiro.com\/en\/imprint\/","url":"https:\/\/lesterfaleiro.com\/en\/imprint\/","name":"Imprint - Dr. Lester Faleiro","isPartOf":{"@id":"https:\/\/lesterfaleiro.com\/en\/#website"},"datePublished":"2025-06-16T07:29:40+00:00","dateModified":"2025-06-16T07:29:42+00:00","breadcrumb":{"@id":"https:\/\/lesterfaleiro.com\/en\/imprint\/#breadcrumb"},"inLanguage":"en-GB","potentialAction":[{"@type":"ReadAction","target":["https:\/\/lesterfaleiro.com\/en\/imprint\/"]}]},{"@type":"BreadcrumbList","@id":"https:\/\/lesterfaleiro.com\/en\/imprint\/#breadcrumb","itemListElement":[{"@type":"ListItem","position":1,"name":"Home","item":"https:\/\/lesterfaleiro.com\/en\/home-english\/"},{"@type":"ListItem","position":2,"name":"Imprint"}]},{"@type":"WebSite","@id":"https:\/\/lesterfaleiro.com\/en\/#website","url":"https:\/\/lesterfaleiro.com\/en\/","name":"Dr. Lester Faleiro","description":"F&uuml;hrung im Wandel","publisher":{"@id":"https:\/\/lesterfaleiro.com\/en\/#organization"},"potentialAction":[{"@type":"SearchAction","target":{"@type":"EntryPoint","urlTemplate":"https:\/\/lesterfaleiro.com\/en\/?s={search_term_string}"},"query-input":{"@type":"PropertyValueSpecification","valueRequired":true,"valueName":"search_term_string"}}],"inLanguage":"en-GB"},{"@type":"Organization","@id":"https:\/\/lesterfaleiro.com\/en\/#organization","name":"Dr. Lester Faleiro","url":"https:\/\/lesterfaleiro.com\/en\/","logo":{"@type":"ImageObject","inLanguage":"en-GB","@id":"https:\/\/lesterfaleiro.com\/en\/#\/schema\/logo\/image\/","url":"https:\/\/lesterfaleiro.com\/wp-content\/uploads\/2025\/05\/Lester_Faleiro_Wort-Bildmarke_final.png","contentUrl":"https:\/\/lesterfaleiro.com\/wp-content\/uploads\/2025\/05\/Lester_Faleiro_Wort-Bildmarke_final.png","width":1803,"height":1084,"caption":"Dr. Lester Faleiro"},"image":{"@id":"https:\/\/lesterfaleiro.com\/en\/#\/schema\/logo\/image\/"}}]}},"_links":{"self":[{"href":"https:\/\/lesterfaleiro.com\/en\/wp-json\/wp\/v2\/pages\/1946","targetHints":{"allow":["GET"]}}],"collection":[{"href":"https:\/\/lesterfaleiro.com\/en\/wp-json\/wp\/v2\/pages"}],"about":[{"href":"https:\/\/lesterfaleiro.com\/en\/wp-json\/wp\/v2\/types\/page"}],"author":[{"embeddable":true,"href":"https:\/\/lesterfaleiro.com\/en\/wp-json\/wp\/v2\/users\/3"}],"replies":[{"embeddable":true,"href":"https:\/\/lesterfaleiro.com\/en\/wp-json\/wp\/v2\/comments?post=1946"}],"version-history":[{"count":1,"href":"https:\/\/lesterfaleiro.com\/en\/wp-json\/wp\/v2\/pages\/1946\/revisions"}],"predecessor-version":[{"id":1947,"href":"https:\/\/lesterfaleiro.com\/en\/wp-json\/wp\/v2\/pages\/1946\/revisions\/1947"}],"wp:attachment":[{"href":"https:\/\/lesterfaleiro.com\/en\/wp-json\/wp\/v2\/media?parent=1946"}],"curies":[{"name":"wp","href":"https:\/\/api.w.org\/{rel}","templated":true}]}}